{"id":18,"date":"2013-12-22T23:44:33","date_gmt":"2013-12-22T22:44:33","guid":{"rendered":"http:\/\/localhost\/wordpress\/?page_id=18"},"modified":"2021-03-15T12:17:50","modified_gmt":"2021-03-15T11:17:50","slug":"curriculum-vitae","status":"publish","type":"page","link":"http:\/\/markus-kromer.de\/wordpress\/curriculum-vitae\/","title":{"rendered":"Curriculum Vitae"},"content":{"rendered":"<h3>Research experience<\/h3>\n<ul>\n<li><strong>Research engineer<\/strong>: 10\/2018 &#8211; today<br \/>\n<a href=\"https:\/\/www.bosch.com\/research\/\">Corporate Research, Robert Bosch GmbH<\/a>, Renningen, Germany<\/li>\n<li><strong>Postdoctoral Fellow<\/strong>: 10\/2016 &#8211; \u00a009\/2018<br \/>\n<a href=\"https:\/\/zah.uni-heidelberg.de\/\">Zentrum f\u00fcr Astronomie der Universit\u00e4t Heidelberg<\/a>\u00a0&amp; <a href=\"http:\/\/h-its.org\">Heidelberg Institute for Theoretical Studies<\/a>, Heidelberg, Germany<\/li>\n<li><strong>Postdoctoral Fellow<\/strong>: 10\/2013 &#8211; 09\/2016<br \/>\n<a href=\"http:\/\/okc.albanova.se\">The Oskar Klein Centre for Cosmoparticle Physics<\/a><br \/>\n<a href=\"http:\/\/www.astro.su.se\">Department of Astronomy<\/a>, Stockholm University, Sweden<\/li>\n<li><strong>Postdoctoral Fellow<\/strong>: 12\/2009 &#8211; 09\/2013<br \/>\n<a href=\"http:\/\/mpa-garching.mpg.de\">Max-Planck-Institut f\u00fcr Astrophysik Garching<\/a>, Germany<\/li>\n<li><strong>PhD student<\/strong>: 09\/2006 &#8211; 11\/2009<br \/>\n<a href=\"http:\/\/www.mpa-garching.mpg.de\">Max-Planck-Institut f\u00fcr Astrophysik Garching<\/a>, Germany<\/li>\n<\/ul>\n<h3>Education<\/h3>\n<ul>\n<li><strong>Doctoral studies<\/strong>: 09\/2006 &#8211; 11\/2009<br \/>\nResearch leading to PhD in astrophysics (defended 02.12.2009)<br \/>\nTechnische Universit\u00e4t M\u00fcnchen, Max-Planck-Institut f\u00fcr Astrophysik Garching<br \/>\nDissertation title &#8220;Synthetic spectra and light curves of Type Ia supernovae&#8221;<br \/>\nAcademic supervisors Prof. Dr. W. Hillebrandt and Dr. S.A. Sim<\/li>\n<li><strong>University studies<\/strong>: 10\/2005 &#8211; 05\/2006<br \/>\nStudy of physics (Diploma 22.5.2006)<br \/>\nEberhard-Karls-Universit\u00e4t T\u00fcbingen<br \/>\nTitle of diploma thesis: &#8220;Synthetic spectra of irradiated accretion discs in Dwarf Novae considering SS Cyg as example&#8221; (in german)<br \/>\nAcademic supervisors Dr. Thorsten Nagel, Prof. Dr. K. Werner<\/li>\n<\/ul>\n<h3>Honours and awards<\/h3>\n<ul>\n<li>Gliese Fellowship 2016<br \/>\n<a href=\"https:\/\/zah.uni-heidelberg.de\">Zentrum f\u00fcr Astronomie der Universit\u00e4t Heidelberg<\/a><\/li>\n<li>Oskar Klein Fellowship 2013<br \/>\n<a href=\"http:\/\/okc.albanova.se\">Oskar Klein Centre for Cosmoparticle Physics, Stockholm University<\/a><\/li>\n<li>Kavli Fellowship 2013 (declined)<br \/>\n<a href=\"http:\/\/www.ipmu.jp\/en\">Kavli Institute for the Physics and Mathematics of the Universe<\/a><\/li>\n<li><a href=\"http:\/\/www.mpg.de\/213094\/Otto-Hahn-Medaille\">Otto Hahn Medal<\/a> of the Max Planck Society for 2010<br \/>\nawarded on the occasion of the MPS general assembly in Berlin, June 2011<\/li>\n<\/ul>\n<h3>Teaching experience<\/h3>\n<ul>\n<li>Python programming for scientists, lecture course (BSc\/MSc), summer term 2018, Heidelberg University<\/li>\n<li>Python programming for scientists, lecture course (BSc\/MSc), winter term 2017\/2018, Heidelberg University<\/li>\n<li>Theoretical Astrophysics, lecture course (MSc), winter term 2017\/2018, Heidelberg University<\/li>\n<li>Python programming for scientists, lecture course (BSc\/MSc), summer term 2017, Heidelberg University<\/li>\n<li>White Dwarfs, Neutron Stars, and Black Holes &#8211; Compact Objects in Astrophysics, tutorial accompanying the lecture course, summer term 2017, Heidelberg University<\/li>\n<li>04\/2011 &#8211; 05\/2014: Co-supervision of PhD student Ulrich N\u00f6bauer<br \/>\nMax-Planck-Institut f\u00fcr Astrophysik \/ Technische Universit\u00e4t M\u00fcnchen<\/li>\n<li>11\/2012 &#8211; 10\/2013: Supervision of master student Michael Klauser<br \/>\nMax-Planck-Institut f\u00fcr Astrophysik \/ Ludwig-Maximilians-Universit\u00e4t M\u00fcnchen<\/li>\n<li>01\/2012 &#8211; 03\/2012: Supervision of bachelor student Michael Klauser<br \/>\nMax-Planck-Institut f\u00fcr Astrophysik \/ Ludwig-Maximilians-Universit\u00e4t M\u00fcnchen<\/li>\n<li>12\/2010 &#8211; 12\/2011: Co-supervision of diploma student Elisabeth Gall<br \/>\nMax-Planck-Institut f\u00fcr Astrophysik \/ Technische Universit\u00e4t M\u00fcnchen<\/li>\n<li>09\/2006 &#8211; 07\/2007: Tutoring of an undergraduate physics lab course<br \/>\nTechnische Universit\u00e4t M\u00fcnchen<\/li>\n<\/ul>\n<h3>Public Outreach<\/h3>\n<ul>\n<li>Participation in public outreach activities at the University of T\u00fcbingen,\u00a0the Max Planck Institute for Astrophysics, Stockholm University and the Heidelberg Institute of Theoretical Studies.<\/li>\n<li>Development and presentation of show programs for MPA\u2019s mobile\u00a0planetarium.<\/li>\n<\/ul>\n<h3>Professional services<\/h3>\n<ul>\n<li>Referee for <em>Astronomy &amp; Astrophysics<\/em>, the <em>Astrophysical Journal<\/em> and the <em>Monthly Notices of the Royal Astronomical Society<\/em><\/li>\n<li>Elected post-doc representative to the MPA&#8217;s scientific council (2011-2013)<\/li>\n<li>Co-Organizer of a meeting on <a href=\"https:\/\/agroepke.astro.uni-wuerzburg.de\/agsplinter\/\" target=\"_blank\" rel=\"noopener noreferrer\">Explosive Stellar Transients<\/a> (23.\/24.09.2014, Bamberg, Germany)<\/li>\n<li>Organizer of a meeting on <a href=\"http:\/\/eas.unige.ch\/EWASS2015\/session.jsp?id=Sp17\" target=\"_blank\" rel=\"noopener noreferrer\">Thermonuclear Supernovae<\/a>\u00a0 held at <a href=\"http:\/\/eas.unige.ch\/EWASS2015\/index.jsp\" target=\"_blank\" rel=\"noopener noreferrer\">EWASS 2015<\/a>, Tenerife, Spain<\/li>\n<li>Co-Organizer of the workshop \u00a0<a href=\"https:\/\/weh660.h-its.org\" target=\"_blank\" rel=\"noopener noreferrer\">Supernovae &#8211; From Simulations to Observations and Nucleosynthetic Fingerprints<\/a>\u00a0held at Physikzentrum Bad Honnef (21.-24.01.2018, Bad Honnef, Germany)<\/li>\n<li>Co-Organizer of the workshop <a href=\"http:\/\/www.weizmann.ac.il\/conferences\/SRitp\/June2018\/\">Radiation Transfer and Explosive Thermonuclear Burning in Supernovae<\/a> held at the Schwartz\/Reisman Institute for Theoretical Physics (17.-28.06.2018, Weizmann Institute of Science, Rehovot, Israel)<\/li>\n<\/ul>\n<h3>Professional Memberships<\/h3>\n<ul>\n<li><a href=\"http:\/\/www.dpg-physik.de\">Deutsche Physikalische Gesellschaft<\/a><\/li>\n<li><a href=\"https:\/\/www.iau.org\">International Astronomical Union<\/a><\/li>\n<\/ul>\n","protected":false},"excerpt":{"rendered":"<p>Research experience Research engineer: 10\/2018 &#8211; today Corporate Research, Robert Bosch GmbH, Renningen, Germany Postdoctoral Fellow: 10\/2016 &#8211; \u00a009\/2018 Zentrum f\u00fcr Astronomie der Universit\u00e4t Heidelberg\u00a0&amp; Heidelberg Institute for Theoretical Studies, Heidelberg, Germany Postdoctoral Fellow: 10\/2013 &#8211; 09\/2016 The Oskar Klein &hellip; <a href=\"http:\/\/markus-kromer.de\/wordpress\/curriculum-vitae\/\">Continue reading <span class=\"meta-nav\">&rarr;<\/span><\/a><\/p>\n","protected":false},"author":1,"featured_media":0,"parent":0,"menu_order":0,"comment_status":"closed","ping_status":"closed","template":"sidebar-page.php","meta":[],"_links":{"self":[{"href":"http:\/\/markus-kromer.de\/wordpress\/wp-json\/wp\/v2\/pages\/18"}],"collection":[{"href":"http:\/\/markus-kromer.de\/wordpress\/wp-json\/wp\/v2\/pages"}],"about":[{"href":"http:\/\/markus-kromer.de\/wordpress\/wp-json\/wp\/v2\/types\/page"}],"author":[{"embeddable":true,"href":"http:\/\/markus-kromer.de\/wordpress\/wp-json\/wp\/v2\/users\/1"}],"replies":[{"embeddable":true,"href":"http:\/\/markus-kromer.de\/wordpress\/wp-json\/wp\/v2\/comments?post=18"}],"version-history":[{"count":12,"href":"http:\/\/markus-kromer.de\/wordpress\/wp-json\/wp\/v2\/pages\/18\/revisions"}],"predecessor-version":[{"id":395,"href":"http:\/\/markus-kromer.de\/wordpress\/wp-json\/wp\/v2\/pages\/18\/revisions\/395"}],"wp:attachment":[{"href":"http:\/\/markus-kromer.de\/wordpress\/wp-json\/wp\/v2\/media?parent=18"}],"curies":[{"name":"wp","href":"https:\/\/api.w.org\/{rel}","templated":true}]}}